{"id":403,"date":"2025-05-26T20:24:31","date_gmt":"2025-05-26T20:24:31","guid":{"rendered":"http:\/\/localhost\/lichtschlussel\/?page_id=403"},"modified":"2025-06-01T21:10:18","modified_gmt":"2025-06-01T21:10:18","slug":"impressum","status":"publish","type":"page","link":"https:\/\/lichtschluessel.de\/sr\/impressum\/","title":{"rendered":"Impressum"},"content":{"rendered":"<div data-elementor-type=\"wp-page\" data-elementor-id=\"403\" class=\"elementor elementor-403\" data-elementor-post-type=\"page\">\n\t\t\t\t<div class=\"elementor-element elementor-element-7dee68b e-flex e-con-boxed e-con e-parent\" data-id=\"7dee68b\" data-element_type=\"container\">\n\t\t\t\t\t<div class=\"e-con-inner\">\n\t\t\t\t<div class=\"elementor-element elementor-element-0522f78 elementor-widget elementor-widget-heading\" data-id=\"0522f78\" data-element_type=\"widget\" data-widget_type=\"heading.default\">\n\t\t\t\t\t<h1 class=\"elementor-heading-title elementor-size-default\">\u00a7<\/h1>\t\t\t\t<\/div>\n\t\t\t\t<div class=\"elementor-element elementor-element-5ddfda5 elementor-widget elementor-widget-text-editor\" data-id=\"5ddfda5\" data-element_type=\"widget\" data-widget_type=\"text-editor.default\">\n\t\t\t\t\t\t\t\t\t<h2>Lichtschl\u00fcssel.de<\/h2><h3>dragana@lichtschl\u00fcssel.de<\/h3><h3>Odricanje od odgovornosti<\/h3><p><br \/>Sadr\u017eaj ove web stranice je kreiran i pregledan sa najvec\u0301om pa\u017enjom. Ne preuzimamo nikakvu odgovornost za materijalnu ili nematerijalnu \u0161tetu nastalu upotrebom ili neupotrebom datih informacija, ili upotrebom neta\u010dnih ili nepotpunih informacija. Isto va\u017ei i za pristup linkovima i drugom sadr\u017eaju koji se nalazi na ovoj web stranici.<\/p><p>Ne snosimo odgovornost za sadr\u017eaj drugih web lokacija, bez obzira na to da li se povezuju na ovu web lokaciju ili su povezani sa ove web stranice. Isklju\u010dujemo odgovornost za ta\u010dnost, potpunost, blagovremenost i pouzdanost objavljenih informacija, u mjeri u kojoj je to dozvoljeno zakonom. Mo\u017eemo da promijenimo, izbri\u0161emo ili privremeno odbijemo da objavimo sadr\u017eaj, u cjelini ili djelimi\u010dno, u bilo kom trenutku.<\/p><p>Pristup slobodno dostupnom sadr\u017eaju objavljenom na ovoj web stranici ne stvara ugovorni odnos izme\u0111u vas i nas.<\/p>\t\t\t\t\t\t\t\t<\/div>\n\t\t\t\t\t<\/div>\n\t\t\t\t<\/div>\n\t\t\t\t<\/div>","protected":false},"excerpt":{"rendered":"<p>\u00a7 Lichtschl\u00fcssel.de dragana@lichtschl\u00fcssel.de Disclaimer Die Inhalte dieser Website wurden mit gr\u00f6sstm\u00f6glicher Sorgfalt erstellt und gepr\u00fcft. F\u00fcr Sch\u00e4den materieller oder immaterieller Art, die durch die Nutzung oder Nichtnutzung der angebotenen Informationen bzw. durch die Nutzung fehlerhafter und unvollst\u00e4ndiger Informationen verursacht werden, \u00fcbernehmen wir keine Haftung. Gleiches gilt f\u00fcr den Zugriff auf die in dieser Website enthaltenen [&hellip;]<\/p>","protected":false},"author":1,"featured_media":0,"parent":0,"menu_order":2,"comment_status":"closed","ping_status":"closed","template":"","meta":{"footnotes":""},"class_list":["post-403","page","type-page","status-publish","hentry"],"blocksy_meta":[],"_links":{"self":[{"href":"https:\/\/lichtschluessel.de\/sr\/wp-json\/wp\/v2\/pages\/403","targetHints":{"allow":["GET"]}}],"collection":[{"href":"https:\/\/lichtschluessel.de\/sr\/wp-json\/wp\/v2\/pages"}],"about":[{"href":"https:\/\/lichtschluessel.de\/sr\/wp-json\/wp\/v2\/types\/page"}],"author":[{"embeddable":true,"href":"https:\/\/lichtschluessel.de\/sr\/wp-json\/wp\/v2\/users\/1"}],"replies":[{"embeddable":true,"href":"https:\/\/lichtschluessel.de\/sr\/wp-json\/wp\/v2\/comments?post=403"}],"version-history":[{"count":3,"href":"https:\/\/lichtschluessel.de\/sr\/wp-json\/wp\/v2\/pages\/403\/revisions"}],"predecessor-version":[{"id":1232,"href":"https:\/\/lichtschluessel.de\/sr\/wp-json\/wp\/v2\/pages\/403\/revisions\/1232"}],"wp:attachment":[{"href":"https:\/\/lichtschluessel.de\/sr\/wp-json\/wp\/v2\/media?parent=403"}],"curies":[{"name":"wp","href":"https:\/\/api.w.org\/{rel}","templated":true}]}}