{"id":171,"date":"2025-05-25T12:07:31","date_gmt":"2025-05-25T12:07:31","guid":{"rendered":"http:\/\/localhost\/lichtschlussel\/?page_id=171"},"modified":"2025-06-04T02:06:33","modified_gmt":"2025-06-04T00:06:33","slug":"homepage","status":"publish","type":"page","link":"https:\/\/lichtschluessel.de\/sr\/","title":{"rendered":"HOMEPAGE"},"content":{"rendered":"<div data-elementor-type=\"wp-page\" data-elementor-id=\"171\" class=\"elementor elementor-171\" data-elementor-post-type=\"page\">\n\t\t\t\t<div class=\"elementor-element elementor-element-1b52723 e-con-full e-flex e-con e-parent\" data-id=\"1b52723\" data-element_type=\"container\" data-settings=\"{&quot;background_background&quot;:&quot;video&quot;,&quot;background_video_link&quot;:&quot;https:\\\/\\\/lichtschluessel.de\\\/wp-content\\\/uploads\\\/video\\\/Lichtschluessel.webm&quot;,&quot;background_play_on_mobile&quot;:&quot;yes&quot;}\">\n\t\t<div class=\"elementor-background-video-container\">\n\t\t\t\t\t\t\t<video class=\"elementor-background-video-hosted\" autoplay muted playsinline loop><\/video>\n\t\t\t\t\t<\/div><div class=\"elementor-element elementor-element-305bf8f e-flex e-con-boxed e-con e-child\" data-id=\"305bf8f\" data-element_type=\"container\">\n\t\t\t\t\t<div class=\"e-con-inner\">\n\t\t\t\t<div class=\"elementor-element elementor-element-b0e07f2 elementor-align-center elementor-widget elementor-widget-button\" data-id=\"b0e07f2\" data-element_type=\"widget\" data-widget_type=\"button.default\">\n\t\t\t\t\t\t\t\t\t\t<a class=\"elementor-button elementor-button-link elementor-size-sm\" href=\"#angebote\">\n\t\t\t\t\t\t<span class=\"elementor-button-content-wrapper\">\n\t\t\t\t\t\t\t\t\t<span class=\"elementor-button-text\">PONUDE<\/span>\n\t\t\t\t\t<\/span>\n\t\t\t\t\t<\/a>\n\t\t\t\t\t\t\t\t<\/div>\n\t\t\t\t<div class=\"elementor-element elementor-element-37f2bcd elementor-align-center elementor-widget elementor-widget-button\" data-id=\"37f2bcd\" data-element_type=\"widget\" data-widget_type=\"button.default\">\n\t\t\t\t\t\t\t\t\t\t<a class=\"elementor-button elementor-button-link elementor-size-sm\" href=\"https:\/\/lichtschluessel.de\/sr\/kontakt\/\">\n\t\t\t\t\t\t<span class=\"elementor-button-content-wrapper\">\n\t\t\t\t\t\t\t\t\t<span class=\"elementor-button-text\">KONTAKT<\/span>\n\t\t\t\t\t<\/span>\n\t\t\t\t\t<\/a>\n\t\t\t\t\t\t\t\t<\/div>\n\t\t\t\t\t<\/div>\n\t\t\t\t<\/div>\n\t\t\t\t<\/div>\n\t\t<div class=\"elementor-element elementor-element-f92e2d2 e-flex e-con-boxed e-con e-parent\" data-id=\"f92e2d2\" data-element_type=\"container\" data-settings=\"{&quot;background_background&quot;:&quot;classic&quot;}\">\n\t\t\t\t\t<div class=\"e-con-inner\">\n\t\t\t\t<div class=\"elementor-element elementor-element-d75c571 elementor-widget elementor-widget-image\" data-id=\"d75c571\" data-element_type=\"widget\" data-widget_type=\"image.default\">\n\t\t\t\t\t\t\t\t\t\t\t\t\t\t\t<img fetchpriority=\"high\" decoding=\"async\" width=\"300\" height=\"300\" src=\"https:\/\/lichtschluessel.de\/wp-content\/uploads\/2025\/05\/logo-300x300.png\" class=\"attachment-medium size-medium wp-image-855\" alt=\"\" srcset=\"https:\/\/lichtschluessel.de\/wp-content\/uploads\/2025\/05\/logo-300x300.png 300w, https:\/\/lichtschluessel.de\/wp-content\/uploads\/2025\/05\/logo-150x150.png 150w, https:\/\/lichtschluessel.de\/wp-content\/uploads\/2025\/05\/logo-12x12.png 12w, https:\/\/lichtschluessel.de\/wp-content\/uploads\/2025\/05\/logo.png 373w\" sizes=\"(max-width: 300px) 100vw, 300px\" \/>\t\t\t\t\t\t\t\t\t\t\t\t\t\t\t<\/div>\n\t\t\t\t\t<\/div>\n\t\t\t\t<\/div>\n\t\t<div class=\"elementor-element elementor-element-52c6950 e-flex e-con-boxed e-con e-parent\" data-id=\"52c6950\" data-element_type=\"container\" data-settings=\"{&quot;background_background&quot;:&quot;classic&quot;}\">\n\t\t\t\t\t<div class=\"e-con-inner\">\n\t\t\t\t<div class=\"elementor-element elementor-element-dca3d99 elementor-widget elementor-widget-heading\" data-id=\"dca3d99\" data-element_type=\"widget\" data-widget_type=\"heading.default\">\n\t\t\t\t\t<h2 class=\"elementor-heading-title elementor-size-default\">Klju\u010d svjetlosti\n<\/h2>\t\t\t\t<\/div>\n\t\t\t\t<div class=\"elementor-element elementor-element-948d541 elementor-widget elementor-widget-heading\" data-id=\"948d541\" data-element_type=\"widget\" data-widget_type=\"heading.default\">\n\t\t\t\t\t<h2 class=\"elementor-heading-title elementor-size-default\">Dragana Marinkovi\u0107-Djuras\n<\/h2>\t\t\t\t<\/div>\n\t\t\t\t<div class=\"elementor-element elementor-element-08352a8 elementor-widget elementor-widget-heading\" data-id=\"08352a8\" data-element_type=\"widget\" data-widget_type=\"heading.default\">\n\t\t\t\t\t<h2 class=\"elementor-heading-title elementor-size-default\">Medijum  <b>|<\/b>  Savjetnik u \u017ealovanju  <b>|<\/b>  Autor  <br\/> <br\/> Intuitivni vodi\u010d<\/h2>\t\t\t\t<\/div>\n\t\t\t\t\t<\/div>\n\t\t\t\t<\/div>\n\t\t<div class=\"elementor-element elementor-element-22ed362 e-flex e-con-boxed e-con e-parent\" data-id=\"22ed362\" data-element_type=\"container\" data-settings=\"{&quot;background_background&quot;:&quot;slideshow&quot;,&quot;background_slideshow_gallery&quot;:[{&quot;id&quot;:265,&quot;url&quot;:&quot;https:\\\/\\\/lichtschluessel.de\\\/wp-content\\\/uploads\\\/2025\\\/05\\\/fluffy-cumulus-clouds-float-bright-blue-sky-generated-by-artificial-intelligence.webp&quot;},{&quot;id&quot;:264,&quot;url&quot;:&quot;https:\\\/\\\/lichtschluessel.de\\\/wp-content\\\/uploads\\\/2025\\\/05\\\/fluffy-clouds-fly-high-bright-blue-sky-generated-by-artificial-intelligence.webp&quot;},{&quot;id&quot;:263,&quot;url&quot;:&quot;https:\\\/\\\/lichtschluessel.de\\\/wp-content\\\/uploads\\\/2025\\\/05\\\/bright-summer-sky-fluffy-clouds-nature-beauty-clear-weather-generated-by-artificial-intelligence.webp&quot;}],&quot;background_slideshow_transition_duration&quot;:200,&quot;background_slideshow_ken_burns&quot;:&quot;yes&quot;,&quot;background_slideshow_loop&quot;:&quot;yes&quot;,&quot;background_slideshow_slide_duration&quot;:5000,&quot;background_slideshow_slide_transition&quot;:&quot;fade&quot;,&quot;background_slideshow_ken_burns_zoom_direction&quot;:&quot;in&quot;}\">\n\t\t\t\t\t<div class=\"e-con-inner\">\n\t\t<div class=\"elementor-element elementor-element-53fa0b8 e-con-full e-flex e-con e-child\" data-id=\"53fa0b8\" data-element_type=\"container\" data-settings=\"{&quot;background_background&quot;:&quot;classic&quot;}\">\n\t\t\t\t<div class=\"elementor-element elementor-element-837c0f1 elementor-widget__width-initial elementor-widget-mobile__width-initial elementor-widget elementor-widget-image\" data-id=\"837c0f1\" data-element_type=\"widget\" data-widget_type=\"image.default\">\n\t\t\t\t\t\t\t\t\t\t\t\t\t\t\t\t<a href=\"https:\/\/lichtschluessel.de\/wp-content\/uploads\/2025\/05\/book-cover.webp\" data-elementor-open-lightbox=\"yes\" data-e-action-hash=\"#elementor-action%3Aaction%3Dlightbox%26settings%3DeyJpZCI6MjY2LCJ1cmwiOmZhbHNlfQ%3D%3D\">\n\t\t\t\t\t\t\t<img decoding=\"async\" src=\"https:\/\/lichtschluessel.de\/wp-content\/uploads\/2025\/05\/book-cover.webp\" title=\"\" alt=\"\" loading=\"lazy\" \/>\t\t\t\t\t\t\t\t<\/a>\n\t\t\t\t\t\t\t\t\t\t\t\t\t\t\t<\/div>\n\t\t\t\t<div class=\"elementor-element elementor-element-560900c elementor-widget elementor-widget-text-editor\" data-id=\"560900c\" data-element_type=\"widget\" data-widget_type=\"text-editor.default\">\n\t\t\t\t\t\t\t\t\t<p><strong>\u017divot izme\u0111u dvije sekunde<\/strong> je prva objavljena knjiga Dragane Marinkovi\u0107-Djuras. U njoj govori o gubitku sina Georgija Vukija i duhovnom putu koji je iz toga proiza\u0161ao. Dragana je knjigu napisala vo\u0111ena duhovnom povezano\u0161\u0107u sa svojim sinom. On je, kao duhovni vodi\u010d, pratio njen proces, nadahnjivao je i pokazivao joj put.<\/p><p>Smrt nije kraj - duhovni svijet je \u017eiv, otvoren i spreman da komunicira s nama. \n<br \/><br \/>\nOtvorite svoj um i srce uz knjigu \u201e\u017divot izme\u0111u dvije sekunde\". <br \/> <br \/>Zaronite u duhovni svijet, prona\u0111ite smisao u boli gubitka i dozvolite sebi da osjetite prisustvo svjetlosti, \u010dak i u najmra\u010dnijim trenucima.<\/p>\t\t\t\t\t\t\t\t<\/div>\n\t\t\t\t<\/div>\n\t\t\t\t\t<\/div>\n\t\t\t\t<\/div>\n\t\t<div class=\"elementor-element elementor-element-d528ce6 e-flex e-con-boxed e-con e-parent\" data-id=\"d528ce6\" data-element_type=\"container\" id=\"angebote\" data-settings=\"{&quot;background_background&quot;:&quot;classic&quot;}\">\n\t\t\t\t\t<div class=\"e-con-inner\">\n\t\t<div class=\"elementor-element elementor-element-3d9a1ec e-con-full e-flex e-con e-child\" data-id=\"3d9a1ec\" data-element_type=\"container\" data-settings=\"{&quot;background_background&quot;:&quot;classic&quot;}\">\n\t\t\t\t<div class=\"elementor-element elementor-element-15c138e elementor-grid-4 elementor-grid-tablet-2 elementor-grid-mobile-1 elementor-widget elementor-widget-portfolio\" data-id=\"15c138e\" data-element_type=\"widget\" data-settings=\"{&quot;columns&quot;:&quot;4&quot;,&quot;item_ratio&quot;:{&quot;unit&quot;:&quot;px&quot;,&quot;size&quot;:0.86,&quot;sizes&quot;:[]},&quot;row_gap&quot;:{&quot;unit&quot;:&quot;px&quot;,&quot;size&quot;:20,&quot;sizes&quot;:[]},&quot;columns_tablet&quot;:&quot;2&quot;,&quot;columns_mobile&quot;:&quot;1&quot;,&quot;item_gap&quot;:{&quot;unit&quot;:&quot;px&quot;,&quot;size&quot;:&quot;&quot;,&quot;sizes&quot;:[]}}\" data-widget_type=\"portfolio.default\">\n\t\t\t\t<div class=\"elementor-widget-container\">\n\t\t\t\t\t\t\t<div class=\"elementor-portfolio elementor-grid elementor-posts-container\">\n\t\t\t\t<article class=\"elementor-portfolio-item elementor-post  post-1025 post type-post status-publish format-standard has-post-thumbnail hentry category-uncategorized\">\n\t\t\t<a class=\"elementor-post__thumbnail__link\" href=\"https:\/\/lichtschluessel.de\/sr\/medium\/\">\n\t\t\t\t<div class=\"elementor-portfolio-item__img elementor-post__thumbnail\">\n\t\t\t<img decoding=\"async\" width=\"200\" height=\"300\" src=\"https:\/\/lichtschluessel.de\/wp-content\/uploads\/2025\/05\/ANGEBOTE_Mediale-Sitzung-200x300.webp\" class=\"attachment-medium size-medium wp-image-1019\" alt=\"\" srcset=\"https:\/\/lichtschluessel.de\/wp-content\/uploads\/2025\/05\/ANGEBOTE_Mediale-Sitzung-200x300.webp 200w, https:\/\/lichtschluessel.de\/wp-content\/uploads\/2025\/05\/ANGEBOTE_Mediale-Sitzung-683x1024.webp 683w, https:\/\/lichtschluessel.de\/wp-content\/uploads\/2025\/05\/ANGEBOTE_Mediale-Sitzung-768x1152.webp 768w, https:\/\/lichtschluessel.de\/wp-content\/uploads\/2025\/05\/ANGEBOTE_Mediale-Sitzung-8x12.webp 8w, https:\/\/lichtschluessel.de\/wp-content\/uploads\/2025\/05\/ANGEBOTE_Mediale-Sitzung.webp 1024w\" sizes=\"(max-width: 200px) 100vw, 200px\" \/>\t\t<\/div>\n\t\t\t\t<div class=\"elementor-portfolio-item__overlay\">\n\t\t\t\t<h3 class=\"elementor-portfolio-item__title\">\n\t\tMedijum\t\t<\/h3>\n\t\t\t\t<\/div>\n\t\t\t\t<\/a>\n\t\t<\/article>\n\t\t\t\t<article class=\"elementor-portfolio-item elementor-post  post-739 post type-post status-publish format-standard has-post-thumbnail hentry category-uncategorized\">\n\t\t\t<a class=\"elementor-post__thumbnail__link\" href=\"https:\/\/lichtschluessel.de\/sr\/seelenreise\/\">\n\t\t\t\t<div class=\"elementor-portfolio-item__img elementor-post__thumbnail\">\n\t\t\t<img decoding=\"async\" width=\"300\" height=\"200\" src=\"https:\/\/lichtschluessel.de\/wp-content\/uploads\/2025\/05\/ANGEBOTE_Seelenreise-300x200.webp\" class=\"attachment-medium size-medium wp-image-1020\" alt=\"\" srcset=\"https:\/\/lichtschluessel.de\/wp-content\/uploads\/2025\/05\/ANGEBOTE_Seelenreise-300x200.webp 300w, https:\/\/lichtschluessel.de\/wp-content\/uploads\/2025\/05\/ANGEBOTE_Seelenreise-1024x683.webp 1024w, https:\/\/lichtschluessel.de\/wp-content\/uploads\/2025\/05\/ANGEBOTE_Seelenreise-768x512.webp 768w, https:\/\/lichtschluessel.de\/wp-content\/uploads\/2025\/05\/ANGEBOTE_Seelenreise-18x12.webp 18w, https:\/\/lichtschluessel.de\/wp-content\/uploads\/2025\/05\/ANGEBOTE_Seelenreise.webp 2048w\" sizes=\"(max-width: 300px) 100vw, 300px\" \/>\t\t<\/div>\n\t\t\t\t<div class=\"elementor-portfolio-item__overlay\">\n\t\t\t\t<h3 class=\"elementor-portfolio-item__title\">\n\t\tPutovanje du\u0161e \u2013 Vo\u0111ene sesije za otkrivanje tvoje istinske snage\t\t<\/h3>\n\t\t\t\t<\/div>\n\t\t\t\t<\/a>\n\t\t<\/article>\n\t\t\t\t<article class=\"elementor-portfolio-item elementor-post  post-735 post type-post status-publish format-standard has-post-thumbnail hentry category-uncategorized\">\n\t\t\t<a class=\"elementor-post__thumbnail__link\" href=\"https:\/\/lichtschluessel.de\/sr\/seelenreading\/\">\n\t\t\t\t<div class=\"elementor-portfolio-item__img elementor-post__thumbnail\">\n\t\t\t<img loading=\"lazy\" decoding=\"async\" width=\"300\" height=\"300\" src=\"https:\/\/lichtschluessel.de\/wp-content\/uploads\/2025\/05\/ANGEBOTE_Seelenreading-300x300.webp\" class=\"attachment-medium size-medium wp-image-1158\" alt=\"\" srcset=\"https:\/\/lichtschluessel.de\/wp-content\/uploads\/2025\/05\/ANGEBOTE_Seelenreading-300x300.webp 300w, https:\/\/lichtschluessel.de\/wp-content\/uploads\/2025\/05\/ANGEBOTE_Seelenreading-150x150.webp 150w, https:\/\/lichtschluessel.de\/wp-content\/uploads\/2025\/05\/ANGEBOTE_Seelenreading-768x768.webp 768w, https:\/\/lichtschluessel.de\/wp-content\/uploads\/2025\/05\/ANGEBOTE_Seelenreading-12x12.webp 12w, https:\/\/lichtschluessel.de\/wp-content\/uploads\/2025\/05\/ANGEBOTE_Seelenreading.webp 1024w\" sizes=\"(max-width: 300px) 100vw, 300px\" \/>\t\t<\/div>\n\t\t\t\t<div class=\"elementor-portfolio-item__overlay\">\n\t\t\t\t<h3 class=\"elementor-portfolio-item__title\">\n\t\t\u010citanje du\u0161e\t\t<\/h3>\n\t\t\t\t<\/div>\n\t\t\t\t<\/a>\n\t\t<\/article>\n\t\t\t\t<article class=\"elementor-portfolio-item elementor-post  post-26 post type-post status-publish format-standard has-post-thumbnail hentry category-uncategorized\">\n\t\t\t<a class=\"elementor-post__thumbnail__link\" href=\"https:\/\/lichtschluessel.de\/sr\/trauerbegleitung\/\">\n\t\t\t\t<div class=\"elementor-portfolio-item__img elementor-post__thumbnail\">\n\t\t\t<img loading=\"lazy\" decoding=\"async\" width=\"300\" height=\"200\" src=\"https:\/\/lichtschluessel.de\/wp-content\/uploads\/2025\/05\/ANGEBOTE_Trauerbegleitung-300x200.webp\" class=\"attachment-medium size-medium wp-image-1022\" alt=\"\" srcset=\"https:\/\/lichtschluessel.de\/wp-content\/uploads\/2025\/05\/ANGEBOTE_Trauerbegleitung-300x200.webp 300w, https:\/\/lichtschluessel.de\/wp-content\/uploads\/2025\/05\/ANGEBOTE_Trauerbegleitung-1024x683.webp 1024w, https:\/\/lichtschluessel.de\/wp-content\/uploads\/2025\/05\/ANGEBOTE_Trauerbegleitung-768x512.webp 768w, https:\/\/lichtschluessel.de\/wp-content\/uploads\/2025\/05\/ANGEBOTE_Trauerbegleitung-18x12.webp 18w, https:\/\/lichtschluessel.de\/wp-content\/uploads\/2025\/05\/ANGEBOTE_Trauerbegleitung.webp 2048w\" sizes=\"(max-width: 300px) 100vw, 300px\" \/>\t\t<\/div>\n\t\t\t\t<div class=\"elementor-portfolio-item__overlay\">\n\t\t\t\t<h3 class=\"elementor-portfolio-item__title\">\n\t\tSavjetnik za tugu\t\t<\/h3>\n\t\t\t\t<\/div>\n\t\t\t\t<\/a>\n\t\t<\/article>\n\t\t\t\t<article class=\"elementor-portfolio-item elementor-post  post-28 post type-post status-publish format-standard has-post-thumbnail hentry category-uncategorized\">\n\t\t\t<a class=\"elementor-post__thumbnail__link\" href=\"https:\/\/lichtschluessel.de\/sr\/selbstreflektion\/\">\n\t\t\t\t<div class=\"elementor-portfolio-item__img elementor-post__thumbnail\">\n\t\t\t<img loading=\"lazy\" decoding=\"async\" width=\"300\" height=\"200\" src=\"https:\/\/lichtschluessel.de\/wp-content\/uploads\/2025\/05\/ANGEBOTE_Selbstreflektion-300x200.webp\" class=\"attachment-medium size-medium wp-image-1021\" alt=\"\" srcset=\"https:\/\/lichtschluessel.de\/wp-content\/uploads\/2025\/05\/ANGEBOTE_Selbstreflektion-300x200.webp 300w, https:\/\/lichtschluessel.de\/wp-content\/uploads\/2025\/05\/ANGEBOTE_Selbstreflektion-1024x683.webp 1024w, https:\/\/lichtschluessel.de\/wp-content\/uploads\/2025\/05\/ANGEBOTE_Selbstreflektion-768x512.webp 768w, https:\/\/lichtschluessel.de\/wp-content\/uploads\/2025\/05\/ANGEBOTE_Selbstreflektion-18x12.webp 18w, https:\/\/lichtschluessel.de\/wp-content\/uploads\/2025\/05\/ANGEBOTE_Selbstreflektion.webp 2048w\" sizes=\"(max-width: 300px) 100vw, 300px\" \/>\t\t<\/div>\n\t\t\t\t<div class=\"elementor-portfolio-item__overlay\">\n\t\t\t\t<h3 class=\"elementor-portfolio-item__title\">\n\t\tRefleksija sebe\t\t<\/h3>\n\t\t\t\t<\/div>\n\t\t\t\t<\/a>\n\t\t<\/article>\n\t\t\t\t<article class=\"elementor-portfolio-item elementor-post  post-24 post type-post status-publish format-standard has-post-thumbnail hentry category-uncategorized\">\n\t\t\t<a class=\"elementor-post__thumbnail__link\" href=\"https:\/\/lichtschluessel.de\/sr\/mediales\/\">\n\t\t\t\t<div class=\"elementor-portfolio-item__img elementor-post__thumbnail\">\n\t\t\t<img loading=\"lazy\" decoding=\"async\" width=\"300\" height=\"300\" src=\"https:\/\/lichtschluessel.de\/wp-content\/uploads\/2025\/05\/ANGEBOTE_Intensives-mediales-Einzelcoaching-300x300.webp\" class=\"attachment-medium size-medium wp-image-1017\" alt=\"\" srcset=\"https:\/\/lichtschluessel.de\/wp-content\/uploads\/2025\/05\/ANGEBOTE_Intensives-mediales-Einzelcoaching-300x300.webp 300w, https:\/\/lichtschluessel.de\/wp-content\/uploads\/2025\/05\/ANGEBOTE_Intensives-mediales-Einzelcoaching-150x150.webp 150w, https:\/\/lichtschluessel.de\/wp-content\/uploads\/2025\/05\/ANGEBOTE_Intensives-mediales-Einzelcoaching-768x768.webp 768w, https:\/\/lichtschluessel.de\/wp-content\/uploads\/2025\/05\/ANGEBOTE_Intensives-mediales-Einzelcoaching-12x12.webp 12w, https:\/\/lichtschluessel.de\/wp-content\/uploads\/2025\/05\/ANGEBOTE_Intensives-mediales-Einzelcoaching.webp 1024w\" sizes=\"(max-width: 300px) 100vw, 300px\" \/>\t\t<\/div>\n\t\t\t\t<div class=\"elementor-portfolio-item__overlay\">\n\t\t\t\t<h3 class=\"elementor-portfolio-item__title\">\n\t\tIntenzivna medijalna obuka 1-na-1\t\t<\/h3>\n\t\t\t\t<\/div>\n\t\t\t\t<\/a>\n\t\t<\/article>\n\t\t\t\t<article class=\"elementor-portfolio-item elementor-post  post-22 post type-post status-publish format-standard has-post-thumbnail hentry category-uncategorized\">\n\t\t\t<a class=\"elementor-post__thumbnail__link\" href=\"https:\/\/lichtschluessel.de\/sr\/gefuhrte-ruckfuhrung-in-fruhere-leben\/\">\n\t\t\t\t<div class=\"elementor-portfolio-item__img elementor-post__thumbnail\">\n\t\t\t<img loading=\"lazy\" decoding=\"async\" width=\"200\" height=\"300\" src=\"https:\/\/lichtschluessel.de\/wp-content\/uploads\/2025\/05\/ANGEBOTE_Gefuhrte-Ruckfuhrung-in-fruhere-Leben-200x300.webp\" class=\"attachment-medium size-medium wp-image-1159\" alt=\"\" srcset=\"https:\/\/lichtschluessel.de\/wp-content\/uploads\/2025\/05\/ANGEBOTE_Gefuhrte-Ruckfuhrung-in-fruhere-Leben-200x300.webp 200w, https:\/\/lichtschluessel.de\/wp-content\/uploads\/2025\/05\/ANGEBOTE_Gefuhrte-Ruckfuhrung-in-fruhere-Leben-683x1024.webp 683w, https:\/\/lichtschluessel.de\/wp-content\/uploads\/2025\/05\/ANGEBOTE_Gefuhrte-Ruckfuhrung-in-fruhere-Leben-768x1152.webp 768w, https:\/\/lichtschluessel.de\/wp-content\/uploads\/2025\/05\/ANGEBOTE_Gefuhrte-Ruckfuhrung-in-fruhere-Leben-8x12.webp 8w, https:\/\/lichtschluessel.de\/wp-content\/uploads\/2025\/05\/ANGEBOTE_Gefuhrte-Ruckfuhrung-in-fruhere-Leben.webp 1024w\" sizes=\"(max-width: 200px) 100vw, 200px\" \/>\t\t<\/div>\n\t\t\t\t<div class=\"elementor-portfolio-item__overlay\">\n\t\t\t\t<h3 class=\"elementor-portfolio-item__title\">\n\t\tVo\u0111eno vra\u0107anje u pro\u0161le \u017eivote\t\t<\/h3>\n\t\t\t\t<\/div>\n\t\t\t\t<\/a>\n\t\t<\/article>\n\t\t\t\t<article class=\"elementor-portfolio-item elementor-post  post-20 post type-post status-publish format-standard has-post-thumbnail hentry category-uncategorized\">\n\t\t\t<a class=\"elementor-post__thumbnail__link\" href=\"https:\/\/lichtschluessel.de\/sr\/intuitives-kartenlegen\/\">\n\t\t\t\t<div class=\"elementor-portfolio-item__img elementor-post__thumbnail\">\n\t\t\t<img loading=\"lazy\" decoding=\"async\" width=\"200\" height=\"300\" src=\"https:\/\/lichtschluessel.de\/wp-content\/uploads\/2025\/05\/ANGEBOTE_Intuitives-Kartenlegen-200x300.webp\" class=\"attachment-medium size-medium wp-image-1018\" alt=\"\" srcset=\"https:\/\/lichtschluessel.de\/wp-content\/uploads\/2025\/05\/ANGEBOTE_Intuitives-Kartenlegen-200x300.webp 200w, https:\/\/lichtschluessel.de\/wp-content\/uploads\/2025\/05\/ANGEBOTE_Intuitives-Kartenlegen-683x1024.webp 683w, https:\/\/lichtschluessel.de\/wp-content\/uploads\/2025\/05\/ANGEBOTE_Intuitives-Kartenlegen-768x1152.webp 768w, https:\/\/lichtschluessel.de\/wp-content\/uploads\/2025\/05\/ANGEBOTE_Intuitives-Kartenlegen-8x12.webp 8w, https:\/\/lichtschluessel.de\/wp-content\/uploads\/2025\/05\/ANGEBOTE_Intuitives-Kartenlegen.webp 1024w\" sizes=\"(max-width: 200px) 100vw, 200px\" \/>\t\t<\/div>\n\t\t\t\t<div class=\"elementor-portfolio-item__overlay\">\n\t\t\t\t<h3 class=\"elementor-portfolio-item__title\">\n\t\tIntuitivno \u010ditanje karata\t\t<\/h3>\n\t\t\t\t<\/div>\n\t\t\t\t<\/a>\n\t\t<\/article>\n\t\t\t\t<\/div>\n\t\t\t\t\t\t<\/div>\n\t\t\t\t<\/div>\n\t\t\t\t<\/div>\n\t\t\t\t\t<\/div>\n\t\t\t\t<\/div>\n\t\t<div class=\"elementor-element elementor-element-55d8bc7 e-con-full e-flex e-con e-parent\" data-id=\"55d8bc7\" data-element_type=\"container\" data-settings=\"{&quot;background_background&quot;:&quot;classic&quot;}\">\n\t\t<div class=\"elementor-element elementor-element-17da362 e-flex e-con-boxed e-con e-child\" data-id=\"17da362\" data-element_type=\"container\">\n\t\t\t\t\t<div class=\"e-con-inner\">\n\t\t\t\t<div class=\"elementor-element elementor-element-8290c18 elementor-widget__width-inherit elementor-widget elementor-widget-heading\" data-id=\"8290c18\" data-element_type=\"widget\" data-widget_type=\"heading.default\">\n\t\t\t\t\t<h3 class=\"elementor-heading-title elementor-size-default\">\u201eMi nismo tijela s du\u0161ama. Mi smo du\u0161e koje na trenutak ple\u0161u u tijelu.\"<\/h3>\t\t\t\t<\/div>\n\t\t\t\t\t<\/div>\n\t\t\t\t<\/div>\n\t\t\t\t<\/div>\n\t\t\t\t<\/div>","protected":false},"excerpt":{"rendered":"<p>ANGEBOTE KONTAKT Lichtschl\u00fcssel Dragana Marinkovic-Djuras Medium | Trauerbegleiterin | Autorin Intuitive Coach Leben zwischen zwei Sekunden ist das erste ver\u00f6ffentlichte Buch von Dragana Marinkovic-Djuras. Das Buch handelt vom Verlust ihres Sohnes Georgije Vuki und den ausgel\u00f6sten Weg zur Spiritualit\u00e4t. Das Buch hat Dragana mit Hilfe ihres geistigen Sohnes geschrieben. Er ist der Autor dieses Buches [&hellip;]<\/p>","protected":false},"author":1,"featured_media":0,"parent":0,"menu_order":1,"comment_status":"closed","ping_status":"closed","template":"elementor_header_footer","meta":{"footnotes":""},"class_list":["post-171","page","type-page","status-publish","hentry"],"blocksy_meta":[],"_links":{"self":[{"href":"https:\/\/lichtschluessel.de\/sr\/wp-json\/wp\/v2\/pages\/171","targetHints":{"allow":["GET"]}}],"collection":[{"href":"https:\/\/lichtschluessel.de\/sr\/wp-json\/wp\/v2\/pages"}],"about":[{"href":"https:\/\/lichtschluessel.de\/sr\/wp-json\/wp\/v2\/types\/page"}],"author":[{"embeddable":true,"href":"https:\/\/lichtschluessel.de\/sr\/wp-json\/wp\/v2\/users\/1"}],"replies":[{"embeddable":true,"href":"https:\/\/lichtschluessel.de\/sr\/wp-json\/wp\/v2\/comments?post=171"}],"version-history":[{"count":3,"href":"https:\/\/lichtschluessel.de\/sr\/wp-json\/wp\/v2\/pages\/171\/revisions"}],"predecessor-version":[{"id":1710,"href":"https:\/\/lichtschluessel.de\/sr\/wp-json\/wp\/v2\/pages\/171\/revisions\/1710"}],"wp:attachment":[{"href":"https:\/\/lichtschluessel.de\/sr\/wp-json\/wp\/v2\/media?parent=171"}],"curies":[{"name":"wp","href":"https:\/\/api.w.org\/{rel}","templated":true}]}}